{"id":112,"date":"2018-05-08T13:21:13","date_gmt":"2018-05-08T17:21:13","guid":{"rendered":"http:\/\/nikol.ovh\/?page_id=112"},"modified":"2024-02-25T15:18:35","modified_gmt":"2024-02-25T20:18:35","slug":"exposition","status":"publish","type":"page","link":"https:\/\/nikol.ovh\/index.php\/exposition\/","title":{"rendered":"Expositions"},"content":{"rendered":"\n<p><strong>\u00c0 VENIR<\/strong><\/p>\n\n\n\n<p><strong>Expositions en 2024<\/strong><\/p>\n\n\n\n<p><strong>Bureau de Justin Trudeau<\/strong><\/p>\n\n\n\n<p>T. H. Premier Ministre du Canada et d\u00e9put\u00e9 de Papineau Mtl<\/p>\n\n\n\n<p>11000 rue Cr\u00e9mazie Est, bur. 200, Mtl Qc H2P 2X2<\/p>\n\n\n\n<p>Avec \u00ab Espace d\u2019expressions et de cr\u00e9ation\u00bb<\/p>\n\n\n\n<p>Janvier-avril 2024 (22 f\u00e9vrier vernissage )<\/p>\n\n\n\n<p><strong>Montreal Children\u2019s Hospital Mural Mosaic<\/strong><\/p>\n\n\n\n<p>Participation \u00e0 la cr\u00e9ation collective d\u2019une grande murale.<\/p>\n\n\n\n<p>J\u2019ai \u00e9t\u00e9 invit\u00e9e \u00e0 r\u00e9aliser une \u0153uvre sur une tuile de 12po x 12 po qui fera partie d\u2019une immense mosa\u00efque laquelle sera install\u00e9e cette ann\u00e9e au Montreal Children Hospital. Plus de 200 artistes y participent.<\/p>\n\n\n\n<p>Projet tr\u00e8s excitant !&nbsp; La tuile doit \u00eatre remise avant le 15 mars 2024.<\/p>\n\n\n\n<p>Vous pourrez consulter la page web et voir la progression de la murale \u00e0 mesure que les artistes livrent leur toile.<\/p>\n\n\n\n<p>Pr\u00e9cisions \u00e0 venir<\/p>\n\n\n\n<p><strong>Galerie Yvon Desgagn\u00e9s<\/strong><\/p>\n\n\n\n<p>1 rue Forget , Baie-Saint-Paul<\/p>\n\n\n\n<p>\u0152uvres expos\u00e9es en permanence&nbsp;: Janvier 2024\u2026..<\/p>\n\n\n\n<p><\/p>\n\n\n\n<!--nextpage-->\n\n\n\n<p><strong>Expositions 2023<\/strong><\/p>\n\n\n\n<p><strong>Bureau de Justin Trudeau<\/strong><\/p>\n\n\n\n<p>T. H. Premier Ministre du Canada et d\u00e9put\u00e9 de Papineau Mtl<\/p>\n\n\n\n<p>11000 rue Cr\u00e9mazie Est, bur. 200,&nbsp; Mtl Qc H2P 2X2<\/p>\n\n\n\n<p>20 janvier au 20 mars 2023<\/p>\n\n\n\n<p><strong>Georges Laoun Optitien<\/strong><\/p>\n\n\n\n<p>4012 Saint-Denis, Montr\u00e9al,<\/p>\n\n\n\n<p>7 f\u00e9v. 25 mars 2023<\/p>\n\n\n\n<p><strong>Centre Leonardo Da Vinci (CAPSQ)<\/strong><\/p>\n\n\n\n<p>8370 boul. Lacordaire, St-L\u00e9onard&nbsp;<\/p>\n\n\n\n<p>Mention sp\u00e9ciale \u00ab \u0152uvre engag\u00e9e\u00bb<\/p>\n\n\n\n<p>Pour \u00abL\u2019\u0153uvre d\u2019un Fou\u00bb<\/p>\n\n\n\n<p>23 au 27 avril 2023<\/p>\n\n\n\n<p><strong>Maison culturelle et communautaire de Montr\u00e9al-Nord<\/strong><\/p>\n\n\n\n<p>Ass. Espace d\u2019Expressions et de Cr\u00e9ation<\/p>\n\n\n\n<p>19 avril \u2013 27 juin 2023<\/p>\n\n\n\n<p><strong>Galerie Valmi,&nbsp;<\/strong><\/p>\n\n\n\n<p>1595 rue Van Horn, Montr\u00e9al<\/p>\n\n\n\n<p><em>Art Show<\/em>, Artists in Montreal,<\/p>\n\n\n\n<p>20 juin-5 juillet 2023<\/p>\n\n\n\n<p><strong>Galerie Yv0n Desgagn\u00e9s<\/strong><\/p>\n\n\n\n<p>1 rue Forget , Baie-Saint-Paul<\/p>\n\n\n\n<p>\u0152uvres expos\u00e9es en permanence juillet-d\u00e9c 2023<\/p>\n\n\n\n<p><strong>Centre L\u00e9onardo Da Vinci<\/strong><\/p>\n\n\n\n<p>8370 boul. Lacordaire, St-L\u00e9onard&nbsp;<\/p>\n\n\n\n<p>M\u00e9daille de bronze<\/p>\n\n\n\n<p>Pour \u00ab La r\u00e9conciliation. O\u00f9? Quand? Comment?<\/p>\n\n\n\n<p>20-24 sept<\/p>\n\n\n\n<p><strong>Mus\u00e9e des beaux-arts du Mont-Saint-Hilaire<\/strong><\/p>\n\n\n\n<p><strong>Luxembourg Art Price 2023<\/strong><\/p>\n\n\n\n<p>\u00ab Certificat de M\u00e9rite artistique\u00bb<\/p>\n\n\n\n<p>D\u00e9cembre 2023<\/p>\n\n\n\n<p><\/p>\n\n\n\n<!--nextpage-->\n\n\n\n<p><strong>Expositions 2022<\/strong><\/p>\n\n\n\n<p><strong>Biblioth\u00e8que de la Maison de la Culture de Montr\u00e9al-Nord<\/strong><\/p>\n\n\n\n<p>Jusqu\u2019au 8 septembre&nbsp;<\/p>\n\n\n\n<p>avec \u00abEspace de Cr\u00e9ation et d\u2019Expressions\u00bb<\/p>\n\n\n\n<p>12002 Boul Rolland Montr\u00e9al-Nord<\/p>\n\n\n\n<p><strong>Galerie Le Hang\u2019Art<\/strong><\/p>\n\n\n\n<p>Jusqu\u2019au 20 septembre<\/p>\n\n\n\n<p>233 rue Notre-Dame O.<\/p>\n\n\n\n<p>Vieux Montr\u00e9al<\/p>\n\n\n\n<p><strong>Mus\u00e9e des Beaux-Arts du Mont-St-Hilaire<\/strong><\/p>\n\n\n\n<p>150 rue du Centre civique,<\/p>\n\n\n\n<p>Mont-Saint-Hilaire<\/p>\n\n\n\n<p>Salon d\u2019automne<\/p>\n\n\n\n<p>Du 17 sept au 23 oct.&nbsp;<\/p>\n\n\n\n<p><strong>Moulin Seigneurial de Pointe-du-Lac<\/strong><\/p>\n\n\n\n<p>11,930 rue Notre-Dame O.<\/p>\n\n\n\n<p>Trois-Rivi\u00e8res<\/p>\n\n\n\n<p>Du 17 sept au 30 octobre&nbsp;<\/p>\n\n\n\n<p>avec \u00ab CovidD\u2019Art\u00bb<\/p>\n\n\n\n<p><strong>Artists in Montreal<\/strong><\/p>\n\n\n\n<p>artistsinmontreal@gmail.com<\/p>\n\n\n\n<p>Exposition virtuelle&nbsp;<\/p>\n\n\n\n<p><strong>Luxembourg Art Price 2022<\/strong><\/p>\n\n\n\n<p>\u00abCertificat de M\u00e9rite artistique\u00bb<\/p>\n\n\n\n<p>D\u00e9cembre 2022<\/p>\n","protected":false},"excerpt":{"rendered":"<p>\u00c0 VENIR Expositions en 2024 Bureau de Justin Trudeau T. H. Premier Ministre du Canada et d\u00e9put\u00e9 de Papineau Mtl 11000 rue Cr\u00e9mazie Est, bur. 200, Mtl Qc H2P 2X2 Avec \u00ab Espace d\u2019expressions et de cr\u00e9ation\u00bb Janvier-avril 2024 (22 f\u00e9vrier vernissage ) Montreal Children\u2019s Hospital Mural Mosaic Participation \u00e0 la cr\u00e9ation collective d\u2019une grande &hellip; <\/p>\n<p class=\"link-more\"><a href=\"https:\/\/nikol.ovh\/index.php\/exposition\/\" class=\"more-link\">Continue reading<span class=\"screen-reader-text\"> &#8220;Expositions&#8221;<\/span><\/a><\/p>\n","protected":false},"author":1,"featured_media":0,"parent":0,"menu_order":0,"comment_status":"closed","ping_status":"closed","template":"","meta":{"footnotes":""},"class_list":["post-112","page","type-page","status-publish","hentry"],"_links":{"self":[{"href":"https:\/\/nikol.ovh\/index.php\/wp-json\/wp\/v2\/pages\/112","targetHints":{"allow":["GET"]}}],"collection":[{"href":"https:\/\/nikol.ovh\/index.php\/wp-json\/wp\/v2\/pages"}],"about":[{"href":"https:\/\/nikol.ovh\/index.php\/wp-json\/wp\/v2\/types\/page"}],"author":[{"embeddable":true,"href":"https:\/\/nikol.ovh\/index.php\/wp-json\/wp\/v2\/users\/1"}],"replies":[{"embeddable":true,"href":"https:\/\/nikol.ovh\/index.php\/wp-json\/wp\/v2\/comments?post=112"}],"version-history":[{"count":24,"href":"https:\/\/nikol.ovh\/index.php\/wp-json\/wp\/v2\/pages\/112\/revisions"}],"predecessor-version":[{"id":233,"href":"https:\/\/nikol.ovh\/index.php\/wp-json\/wp\/v2\/pages\/112\/revisions\/233"}],"wp:attachment":[{"href":"https:\/\/nikol.ovh\/index.php\/wp-json\/wp\/v2\/media?parent=112"}],"curies":[{"name":"wp","href":"https:\/\/api.w.org\/{rel}","templated":true}]}}